{"id":7963,"date":"2022-08-28T08:40:04","date_gmt":"2022-08-28T06:40:04","guid":{"rendered":"https:\/\/www.zehe-clauss.de\/eu-funding\/"},"modified":"2026-01-21T10:09:23","modified_gmt":"2026-01-21T09:09:23","slug":"eu-funding","status":"publish","type":"page","link":"https:\/\/www.zehe-clauss.de\/en\/eu-funding\/","title":{"rendered":"EU Funding"},"content":{"rendered":"<div class=\"fusion-fullwidth fullwidth-box fusion-builder-row-1 fusion-flex-container nonhundred-percent-fullwidth non-hundred-percent-height-scrolling\" style=\"--awb-border-radius-top-left:0px;--awb-border-radius-top-right:0px;--awb-border-radius-bottom-right:0px;--awb-border-radius-bottom-left:0px;--awb-flex-wrap:wrap;\" ><div class=\"fusion-builder-row fusion-row fusion-flex-align-items-flex-start fusion-flex-content-wrap\" style=\"max-width:1216.8px;margin-left: calc(-4% \/ 2 );margin-right: calc(-4% \/ 2 );\"><div class=\"fusion-layout-column fusion_builder_column fusion-builder-column-0 fusion_builder_column_3_4 3_4 fusion-flex-column\" style=\"--awb-bg-size:cover;--awb-width-large:75%;--awb-margin-top-large:0px;--awb-spacing-right-large:2.56%;--awb-margin-bottom-large:20px;--awb-spacing-left-large:2.56%;--awb-width-medium:100%;--awb-order-medium:0;--awb-spacing-right-medium:1.92%;--awb-spacing-left-medium:1.92%;--awb-width-small:100%;--awb-order-small:0;--awb-spacing-right-small:1.92%;--awb-spacing-left-small:1.92%;\"><div class=\"fusion-column-wrapper fusion-column-has-shadow fusion-flex-justify-content-flex-start fusion-content-layout-column\"><div class=\"fusion-title title fusion-title-1 fusion-title-text fusion-title-size-one\"><div class=\"title-sep-container title-sep-container-left fusion-no-large-visibility fusion-no-medium-visibility fusion-no-small-visibility\"><div class=\"title-sep sep- sep-solid\" style=\"border-color:#e2e2e2;\"><\/div><\/div><span class=\"awb-title-spacer fusion-no-large-visibility fusion-no-medium-visibility fusion-no-small-visibility\"><\/span><h1 class=\"fusion-title-heading title-heading-left fusion-responsive-typography-calculated\" style=\"margin:0;--fontSize:35;line-height:1.14;\"><strong>EULLE DEVELOPMENT PROGRAM<\/strong><\/h1><span class=\"awb-title-spacer\"><\/span><div class=\"title-sep-container title-sep-container-right\"><div class=\"title-sep sep- sep-solid\" style=\"border-color:#e2e2e2;\"><\/div><\/div><\/div><\/div><\/div><div class=\"fusion-layout-column fusion_builder_column fusion-builder-column-1 fusion_builder_column_3_4 3_4 fusion-flex-column\" style=\"--awb-bg-size:cover;--awb-width-large:75%;--awb-margin-top-large:0px;--awb-spacing-right-large:2.56%;--awb-margin-bottom-large:20px;--awb-spacing-left-large:2.56%;--awb-width-medium:100%;--awb-order-medium:0;--awb-spacing-right-medium:1.92%;--awb-spacing-left-medium:1.92%;--awb-width-small:100%;--awb-order-small:0;--awb-spacing-right-small:1.92%;--awb-spacing-left-small:1.92%;\"><div class=\"fusion-column-wrapper fusion-column-has-shadow fusion-flex-justify-content-flex-start fusion-content-layout-column\"><div class=\"fusion-text fusion-text-1\" style=\"--awb-text-transform:none;\"><p>Our company, Weingut Zehe-Clau\u00df, Birgit Zehe-Clau\u00df and Marcus Clau\u00df, receives funding within the framework of the Rhineland-Palatinate development program \u201cEnvironmental Measures, Rural Development, Agriculture, Nutrition\u201d (EULLE), managed by the Ministry of Economy, Transport, Agriculture and Viticulture, through the European Agricultural Fund for Rural Development (EAFRD), co-financed by the state and the federal government within the framework of the joint task \u201cImprovement of the Agricultural Structure and Coastal Protection\u201d (GAK), for its services:<\/p>\n<p>in organic farming<\/p>\n<p>in the agricultural and climate measure:<\/p>\n<p>Ecological management in the company<\/p>\n<p>Within the framework of the development program \u201cEnvironmental Measures, Rural Development, Agriculture, Nutrition\u201d (EULLE)<\/p>\n<\/div><div class=\"fusion-image-element \" style=\"--awb-caption-title-font-family:var(--h2_typography-font-family);--awb-caption-title-font-weight:var(--h2_typography-font-weight);--awb-caption-title-font-style:var(--h2_typography-font-style);--awb-caption-title-size:var(--h2_typography-font-size);--awb-caption-title-transform:var(--h2_typography-text-transform);--awb-caption-title-line-height:var(--h2_typography-line-height);--awb-caption-title-letter-spacing:var(--h2_typography-letter-spacing);\"><span class=\" fusion-imageframe imageframe-none imageframe-1 hover-type-none\"><img decoding=\"async\" width=\"3005\" height=\"388\" title=\"eu_foerderung_logos\" src=\"https:\/\/www.zehe-clauss.de\/wp-content\/uploads\/2022\/08\/eu_foerderung_logos.png\" alt class=\"img-responsive wp-image-5470\" srcset=\"https:\/\/www.zehe-clauss.de\/wp-content\/uploads\/2022\/08\/eu_foerderung_logos-200x26.png 200w, https:\/\/www.zehe-clauss.de\/wp-content\/uploads\/2022\/08\/eu_foerderung_logos-400x52.png 400w, https:\/\/www.zehe-clauss.de\/wp-content\/uploads\/2022\/08\/eu_foerderung_logos-600x77.png 600w, https:\/\/www.zehe-clauss.de\/wp-content\/uploads\/2022\/08\/eu_foerderung_logos-800x103.png 800w, https:\/\/www.zehe-clauss.de\/wp-content\/uploads\/2022\/08\/eu_foerderung_logos-1200x155.png 1200w, https:\/\/www.zehe-clauss.de\/wp-content\/uploads\/2022\/08\/eu_foerderung_logos.png 3005w\" sizes=\"(max-width: 1024px) 100vw, (max-width: 640px) 100vw, 1200px\" \/><\/span><\/div><\/div><\/div><\/div><\/div>\n","protected":false},"excerpt":{"rendered":"","protected":false},"author":1,"featured_media":0,"parent":0,"menu_order":0,"comment_status":"closed","ping_status":"closed","template":"","meta":{"footnotes":""},"class_list":["post-7963","page","type-page","status-publish","hentry"],"aioseo_notices":[],"jetpack_sharing_enabled":true,"_links":{"self":[{"href":"https:\/\/www.zehe-clauss.de\/en\/wp-json\/wp\/v2\/pages\/7963","targetHints":{"allow":["GET"]}}],"collection":[{"href":"https:\/\/www.zehe-clauss.de\/en\/wp-json\/wp\/v2\/pages"}],"about":[{"href":"https:\/\/www.zehe-clauss.de\/en\/wp-json\/wp\/v2\/types\/page"}],"author":[{"embeddable":true,"href":"https:\/\/www.zehe-clauss.de\/en\/wp-json\/wp\/v2\/users\/1"}],"replies":[{"embeddable":true,"href":"https:\/\/www.zehe-clauss.de\/en\/wp-json\/wp\/v2\/comments?post=7963"}],"version-history":[{"count":2,"href":"https:\/\/www.zehe-clauss.de\/en\/wp-json\/wp\/v2\/pages\/7963\/revisions"}],"predecessor-version":[{"id":7969,"href":"https:\/\/www.zehe-clauss.de\/en\/wp-json\/wp\/v2\/pages\/7963\/revisions\/7969"}],"wp:attachment":[{"href":"https:\/\/www.zehe-clauss.de\/en\/wp-json\/wp\/v2\/media?parent=7963"}],"curies":[{"name":"wp","href":"https:\/\/api.w.org\/{rel}","templated":true}]}}